{"id":354,"date":"2024-04-11T12:48:01","date_gmt":"2024-04-11T12:48:01","guid":{"rendered":"http:\/\/hummingbirdsoftheusa.com\/?post_type=product&#038;p=354"},"modified":"2024-11-06T19:25:59","modified_gmt":"2024-11-06T19:25:59","slug":"hummingflag-classic-t-shirt","status":"publish","type":"product","link":"https:\/\/hummingbirdsoftheusa.com\/es\/producto\/hummingflag-classic-t-shirt\/","title":{"rendered":"Hummingflag - Camiseta cl\u00e1sica"},"content":{"rendered":"","protected":false},"excerpt":{"rendered":"<p>Celebra el vibrante esp\u00edritu de los colibr\u00edes americanos con nuestra camiseta Hummingflag Classic. Todos los estados de Estados Unidos albergan estas peque\u00f1as maravillas, cuyos antepasados emigraron de Europa y Asia hace unos 40 millones de a\u00f1os. Esta camiseta no s\u00f3lo muestra su belleza, sino que tambi\u00e9n simboliza su perdurable presencia en la vida salvaje de nuestro pa\u00eds. Perfecta para cualquier amante de la naturaleza, esta c\u00f3moda camiseta de alta calidad es un homenaje al legado intemporal de los colibr\u00edes en Am\u00e9rica.<\/p>","protected":false},"featured_media":577,"comment_status":"open","ping_status":"closed","template":"","meta":[],"product_cat":[24,22],"product_tag":[],"_links":{"self":[{"href":"https:\/\/hummingbirdsoftheusa.com\/es\/wp-json\/wp\/v2\/product\/354"}],"collection":[{"href":"https:\/\/hummingbirdsoftheusa.com\/es\/wp-json\/wp\/v2\/product"}],"about":[{"href":"https:\/\/hummingbirdsoftheusa.com\/es\/wp-json\/wp\/v2\/types\/product"}],"replies":[{"embeddable":true,"href":"https:\/\/hummingbirdsoftheusa.com\/es\/wp-json\/wp\/v2\/comments?post=354"}],"wp:featuredmedia":[{"embeddable":true,"href":"https:\/\/hummingbirdsoftheusa.com\/es\/wp-json\/wp\/v2\/media\/577"}],"wp:attachment":[{"href":"https:\/\/hummingbirdsoftheusa.com\/es\/wp-json\/wp\/v2\/media?parent=354"}],"wp:term":[{"taxonomy":"product_cat","embeddable":true,"href":"https:\/\/hummingbirdsoftheusa.com\/es\/wp-json\/wp\/v2\/product_cat?post=354"},{"taxonomy":"product_tag","embeddable":true,"href":"https:\/\/hummingbirdsoftheusa.com\/es\/wp-json\/wp\/v2\/product_tag?post=354"}],"curies":[{"name":"wp","href":"https:\/\/api.w.org\/{rel}","templated":true}]}}