{"id":360,"date":"2024-04-11T12:55:12","date_gmt":"2024-04-11T12:55:12","guid":{"rendered":"http:\/\/hummingbirdsoftheusa.com\/?post_type=product&#038;p=360"},"modified":"2024-11-06T19:42:51","modified_gmt":"2024-11-06T19:42:51","slug":"hummingbird-encyclopedia-womens-round-neck-long-sleeve","status":"publish","type":"product","link":"https:\/\/hummingbirdsoftheusa.com\/es\/producto\/hummingbird-encyclopedia-womens-round-neck-long-sleeve\/","title":{"rendered":"Variety &#8211; Women&#8217;s Round Neck Long Sleeve"},"content":{"rendered":"","protected":false},"excerpt":{"rendered":"<p>Emb\u00e1rcate en un viaje de maravillas con nuestra Hummingbird Encyclopedia de manga larga y cuello redondo para mujer. Este dise\u00f1o es una celebraci\u00f3n del encantador mundo de los colibr\u00edes, con una colecci\u00f3n de intrincadas ilustraciones que capturan la belleza y la gracia de estas queridas criaturas. Desde su plumaje iridiscente hasta su delicado vuelo, cada detalle es un tributo al eterno encanto de los colibr\u00edes. Confeccionada para ofrecer comodidad y estilo, esta manga larga es una oda al fascinante mundo de estas maravillas emplumadas.<\/p>\n<p><strong>Especies en esta prenda:<\/strong><\/p>\n<p>&#8211; Lucifer \/ Calothorax Lucifer<br \/>\n&#8211; White-Eared \/ Basilinna Leucotis<br \/>\n&#8211; Blue-Throated \/ Lampornis Clemenciae<br \/>\n&#8211; Anna\u2019s \/ Archilochus Columbus<br \/>\n&#8211; Ruby-Throated \/ Archilochus Colubris<br \/>\n&#8211; Broad-tailed \/ Selasphorus Platycercus<br \/>\n&#8211; Berilline \/ Amazilia Beryllina<br \/>\n&#8211; Xantus\u2019s \/ Basilinna Xantusii<br \/>\n&#8211; Green Violet ears \/ Colibri Thalassinus<br \/>\n&#8211; Rivoli\u2019s \/ Eugenes Fulgens<br \/>\n&#8211; Black-Chinned \/ Archilochus Alexandri<br \/>\n&#8211; Allen\u2019s \/ Selasphorus sasin<br \/>\n&#8211; Magnificent Hummingbird \/ Eugenes fulgens<br \/>\n&#8211; Costa\u2019s \/ Calypte Costae<br \/>\n&#8211; Calliope \/ Selasphorus Platycercus<br \/>\n&#8211; Green-breasted Mango \/ Anthracothorax prevostii<br \/>\n&#8211; Rufous \/ Selasphorus rufus<br \/>\n&#8211; Broad-Billed \/ Cynanthus lantirostris<br \/>\n&#8211; Buff-Bellied \/ Amazilia yucatanensis<br \/>\n&#8211; Plain Capped Starthroat \/ Heliomaster constantii<br \/>\n&#8211; Violet-Crowned \/ Amazilia violiceps<\/p>\n<p>&nbsp;<\/p>","protected":false},"featured_media":584,"comment_status":"open","ping_status":"closed","template":"","meta":[],"product_cat":[28,19],"product_tag":[],"_links":{"self":[{"href":"https:\/\/hummingbirdsoftheusa.com\/es\/wp-json\/wp\/v2\/product\/360"}],"collection":[{"href":"https:\/\/hummingbirdsoftheusa.com\/es\/wp-json\/wp\/v2\/product"}],"about":[{"href":"https:\/\/hummingbirdsoftheusa.com\/es\/wp-json\/wp\/v2\/types\/product"}],"replies":[{"embeddable":true,"href":"https:\/\/hummingbirdsoftheusa.com\/es\/wp-json\/wp\/v2\/comments?post=360"}],"wp:featuredmedia":[{"embeddable":true,"href":"https:\/\/hummingbirdsoftheusa.com\/es\/wp-json\/wp\/v2\/media\/584"}],"wp:attachment":[{"href":"https:\/\/hummingbirdsoftheusa.com\/es\/wp-json\/wp\/v2\/media?parent=360"}],"wp:term":[{"taxonomy":"product_cat","embeddable":true,"href":"https:\/\/hummingbirdsoftheusa.com\/es\/wp-json\/wp\/v2\/product_cat?post=360"},{"taxonomy":"product_tag","embeddable":true,"href":"https:\/\/hummingbirdsoftheusa.com\/es\/wp-json\/wp\/v2\/product_tag?post=360"}],"curies":[{"name":"wp","href":"https:\/\/api.w.org\/{rel}","templated":true}]}}