{"id":366,"date":"2024-04-11T13:08:56","date_gmt":"2024-04-11T13:08:56","guid":{"rendered":"http:\/\/hummingbirdsoftheusa.com\/?post_type=product&#038;p=366"},"modified":"2024-11-06T19:56:15","modified_gmt":"2024-11-06T19:56:15","slug":"oil-painting-hummingbird-womens-v-neck-short-sleeve","status":"publish","type":"product","link":"https:\/\/hummingbirdsoftheusa.com\/es\/producto\/oil-painting-hummingbird-womens-v-neck-short-sleeve\/","title":{"rendered":"Oil Painting Hummingbird \u2013 Cuello en V de manga corta para mujer"},"content":{"rendered":"","protected":false},"excerpt":{"rendered":"<p>Abraza la elegancia art\u00edstica con nuestra Camiseta de manga corta con cuello en V Oil Painting Hummingbird para mujer. Este dise\u00f1o captura la belleza de un colibr\u00ed en pleno vuelo, en colores ricos y vibrantes que recuerdan a una pintura al \u00f3leo. Con su llamativo impacto visual, esta camiseta a\u00f1ade un toque art\u00edstico a cualquier conjunto. Dise\u00f1ada para ofrecer comodidad y estilo, es la elecci\u00f3n perfecta para las mujeres que aprecian el arte y la naturaleza.<\/p>","protected":false},"featured_media":592,"comment_status":"open","ping_status":"closed","template":"","meta":[],"product_cat":[27,19],"product_tag":[],"_links":{"self":[{"href":"https:\/\/hummingbirdsoftheusa.com\/es\/wp-json\/wp\/v2\/product\/366"}],"collection":[{"href":"https:\/\/hummingbirdsoftheusa.com\/es\/wp-json\/wp\/v2\/product"}],"about":[{"href":"https:\/\/hummingbirdsoftheusa.com\/es\/wp-json\/wp\/v2\/types\/product"}],"replies":[{"embeddable":true,"href":"https:\/\/hummingbirdsoftheusa.com\/es\/wp-json\/wp\/v2\/comments?post=366"}],"wp:featuredmedia":[{"embeddable":true,"href":"https:\/\/hummingbirdsoftheusa.com\/es\/wp-json\/wp\/v2\/media\/592"}],"wp:attachment":[{"href":"https:\/\/hummingbirdsoftheusa.com\/es\/wp-json\/wp\/v2\/media?parent=366"}],"wp:term":[{"taxonomy":"product_cat","embeddable":true,"href":"https:\/\/hummingbirdsoftheusa.com\/es\/wp-json\/wp\/v2\/product_cat?post=366"},{"taxonomy":"product_tag","embeddable":true,"href":"https:\/\/hummingbirdsoftheusa.com\/es\/wp-json\/wp\/v2\/product_tag?post=366"}],"curies":[{"name":"wp","href":"https:\/\/api.w.org\/{rel}","templated":true}]}}